{"id":111,"date":"2013-01-05T21:45:58","date_gmt":"2013-01-05T20:45:58","guid":{"rendered":"http:\/\/localhost:8888\/wordpress\/?page_id=111"},"modified":"2022-11-07T22:49:41","modified_gmt":"2022-11-07T21:49:41","slug":"impressum","status":"publish","type":"page","link":"https:\/\/www.ku-germany.de\/wordpress\/?page_id=111","title":{"rendered":"Ich"},"content":{"rendered":"<figure id=\"attachment_433\" aria-describedby=\"caption-attachment-433\" style=\"width: 98px\" class=\"wp-caption alignleft\"><img loading=\"lazy\" decoding=\"async\" class=\" wp-image-433 \" title=\"Olaf Krey (*1977)\" src=\"https:\/\/www.ku-germany.de\/wordpress\/wp-content\/uploads\/ole.gif\" alt=\"Olaf Krey (*1977)\" width=\"98\" height=\"180\" \/><figcaption id=\"caption-attachment-433\" class=\"wp-caption-text\">Olaf Krey (*1977)<br \/>KU, 6. dan<\/figcaption><\/figure>\n<blockquote><p>The truth doesn&#8217;t care what we think of it.<\/p>\n<p>Truth grows gradually in us, like a musician who plays a piece again and again until suddenly he hears it for the first time.<\/p>\n<p>It\u2019s a mistake to think it\u2019s the small things we control and not the large, it\u2019s the other way around!<\/p>\n<h6 style=\"text-align: right;\">Anne Michaels: Fugitive Pieces<\/h6>\n<\/blockquote>\n<p style=\"text-align: left;\">&#8230; bin\u00a0<a href=\"mailto:olafkrey@ku-germany.de\" data-wplink-edit=\"true\">Olaf Krey<\/a>\u00a0und betreibe diese Seite.<\/p>\n<p style=\"text-align: justify;\">Ich bin seit 25 Jahren Sch\u00fcler und auf dem Weg des Karated\u00f4, der 1992 in einem Berliner Goju und Kobud\u00f4 D\u00f4j\u00f4 begonnen hat. Seit 1998 bin ich McCarthy Senseis Sch\u00fcler und trainiere vorwiegend Kory\u00fb Uchin\u00e2di und Yamanery\u00fb Kobujutsu. Im Jahr 2003 habe ich an seinem Studiengang &#8220;Diploma of Martial Arts Instruction&#8221; am Australian College of Natural Medicine in Brisbane, Australien teilgenommen und mit einer Renshi-Lizenz graduiert, die inzwischen zu einer Kyoshi-Lizenz geworden ist. Seitdem vertrete ich McCarthy Sensei in Deutschland, unterst\u00fctze den Wechsel bzw. begleite die Entwicklung interessierter D\u00f4j\u00f4 zum und im KU und gebe auf Anfrage Seminare.<\/p>\n<p style=\"text-align: justify;\">Ansonsten habe ich alle H\u00e4nde voll damit zu tun, meine eigene \u00dcbung auf dem Weg (oder das, was ich als solchen betrachte) zu halten. Insbesondere fehlt es mir an Zeit f\u00fcr klein- oder gro\u00dfkarierte Verbandspolitik oder Personenkulte.<\/p>\n","protected":false},"excerpt":{"rendered":"<p>The truth doesn&#8217;t care what we think of it. Truth grows gradually in us, like a musician who plays a piece again and again until suddenly he hears it for the first time. It\u2019s a mistake to think it\u2019s the &hellip;<\/p>\n<p class=\"read-more\"> <a class=\"more-link\" href=\"https:\/\/www.ku-germany.de\/wordpress\/?page_id=111\"> <span class=\"screen-reader-text\">Ich<\/span> Weiterlesen &raquo;<\/a><\/p>\n","protected":false},"author":1,"featured_media":0,"parent":0,"menu_order":0,"comment_status":"closed","ping_status":"closed","template":"full-width-page.php","meta":{"footnotes":""},"class_list":["post-111","page","type-page","status-publish","hentry"],"_links":{"self":[{"href":"https:\/\/www.ku-germany.de\/wordpress\/index.php?rest_route=\/wp\/v2\/pages\/111","targetHints":{"allow":["GET"]}}],"collection":[{"href":"https:\/\/www.ku-germany.de\/wordpress\/index.php?rest_route=\/wp\/v2\/pages"}],"about":[{"href":"https:\/\/www.ku-germany.de\/wordpress\/index.php?rest_route=\/wp\/v2\/types\/page"}],"author":[{"embeddable":true,"href":"https:\/\/www.ku-germany.de\/wordpress\/index.php?rest_route=\/wp\/v2\/users\/1"}],"replies":[{"embeddable":true,"href":"https:\/\/www.ku-germany.de\/wordpress\/index.php?rest_route=%2Fwp%2Fv2%2Fcomments&post=111"}],"version-history":[{"count":39,"href":"https:\/\/www.ku-germany.de\/wordpress\/index.php?rest_route=\/wp\/v2\/pages\/111\/revisions"}],"predecessor-version":[{"id":2276,"href":"https:\/\/www.ku-germany.de\/wordpress\/index.php?rest_route=\/wp\/v2\/pages\/111\/revisions\/2276"}],"wp:attachment":[{"href":"https:\/\/www.ku-germany.de\/wordpress\/index.php?rest_route=%2Fwp%2Fv2%2Fmedia&parent=111"}],"curies":[{"name":"wp","href":"https:\/\/api.w.org\/{rel}","templated":true}]}}