{"id":113,"date":"2013-01-05T21:47:57","date_gmt":"2013-01-05T19:47:57","guid":{"rendered":"http:\/\/localhost:8888\/wordpress\/?page_id=113"},"modified":"2018-05-22T08:14:08","modified_gmt":"2018-05-22T06:14:08","slug":"irkrs","status":"publish","type":"page","link":"https:\/\/www.ku-germany.de\/wordpress\/?page_id=113","title":{"rendered":"IRKRS"},"content":{"rendered":"<h2 style=\"text-align: justify;\">International Ry\u00fbky\u00fb Karate Research Society [\u7409\u7403\u5510\u624b\u8853\u56fd\u969b\u7814\u7a76\u4f1a]<\/h2>\n<p style=\"text-align: justify;\">Willkommen auf der Seite der deutschen Vertretung der Internationalen Ry\u00fbky\u00fb Karate Forschungsgesellschaft (IRKRS).\u00a0 Die IRKRS ist eine auf Informationsaustausch ausgerichtete forschungsbasierte Organisation, deren Mitglieder sich dem Studium des alten (kory\u00fb) anwendungsbasierten karate und kobud\u00f4 widmen. Dar\u00fcber hinaus ist die IRKRS die Dachorganisation f\u00fcr alle kory\u00fb uchin\u00e2di d\u00f4j\u00f4 weltweit.<\/p>\n<h3 style=\"text-align: justify;\">Die IRKRS in Fakten<\/h3>\n<p style=\"text-align: justify;\">Die IRKRS wurde 1989 in Japan durch einen Kanadier namens Patrick McCarthy mit Hilfe von Kinj\u00f4 Hiroshi Hanshi, ins Leben gerufen, um eine kleine Gruppe ausl\u00e4ndischer Forscher zu unterst\u00fctzen. Im Jahre 1996 wurde die Gesellschaft schlie\u00dflich der \u00d6ffentlichkeit zug\u00e4nglich gemacht und traf damit auf die vielf\u00e4ltigen Anspr\u00fcche interessierter \u00dcbender der ganzen Welt. Ihr gemeinsames Interesse gilt der Kampfkunst, wie sie vor der Versportlichung des Karate praktiziert wurde. Die Notwendigkeit einer solchen Gesellschaft belegen mehrere Tausend Mitglieder aus \u00fcber 25 L\u00e4ndern der Erde. Der Pr\u00e4sident der IRKRS war Kinj\u00f4 Hiroshi\u00a0Hanshi (1919-2013), Direktor und Hauptlehrer der IRKRS ist Kinj\u00f4 Hiroshi Hanshis Sch\u00fcler Patrick McCarthy Hanshi (*1954), deutscher Repr\u00e4sentant ist Olaf Krey.<\/p>\n<h3 style=\"text-align: justify;\">Was wir denken &#8230;<\/h3>\n<p style=\"text-align: justify;\">Wir haben h\u00f6chsten Respekt vor dem \u00fcberlieferten japanischen Erbe dieser Tradition und den okinawanischen Pionieren der Kampfkunst. Die akademische und \u00fcbende Auseinandersetzung mit diesen \u00dcberlieferungen haben wir uns zur Aufgabe gemacht.\u00a0 Die IRKRS ist gewachsen als eine Organisation, die insbesondere Lernende und Lehrende des karate und kobud\u00f4 anzieht, die begonnen haben, \u00fcberritualisierte und regelgebundene \u00dcbungen in der Kampfkunst zu hinterfragen und verbandspolitischer Propaganda, die einen Stil oder eine Schule unter Berufung auf Traditionen als anderen \u00fcberlegen darzustellen sucht, skeptisch gegen\u00fcberstehen. Wir sind davon \u00fcberzeugt, dass Traditionen lebendig zu halten nicht bedeutet, den Fu\u00dfspuren der alten Meister zu folgen oder ihre Asche aufzubewahren, sondern die Flamme ihres Geistes am Leben zu erhalten und zu suchen, wonach sie suchten.<\/p>\n<h3 style=\"text-align: justify;\">Beitr\u00e4ge der IRKRS<\/h3>\n<ul style=\"text-align: justify;\">\n<li>Die IRKRS verf\u00fcgt \u00fcber eine Reihe qualifizierter Lehrer, die <strong>Seminare<\/strong> geben um Lernenden einen Einblick in die katabasierte Selbstverteidigung zu geben und Lehrende dabei zu unterst\u00fctzen, ihr Curriculum in dieser Hinsicht zu erweitern.<\/li>\n<li>Ein weiteres Markenzeichen sind <strong>\u00dcbersetzungen (von Patrick McCarthy)<\/strong> verschiedener klassischer japanischer B\u00fccher und historischer Dokumente, wie zum Beispiel der Bibel des Karate &#8211; Bubishi, Matsumura\u2019s Seven Precepts of Bu (1882) und sein Zaiyunomei (1885), Itosu\u2019s Ten Lessons (1908), Miyagi Chojun\u2019s Outline of Karatedo (1934), die Minuten des ber\u00fchmten Treffens der Okinawanischen Meister 1936, Taira Shinkens Encyclopaedia of Kobudo und Nagamine Shoshin\u2019s Biographies of Karate &amp; Tegumi Masters, um nur einige der bedeutendsten zu nennen.<\/li>\n<li>Die IRKRS unterh\u00e4lt ein Emailforum &#8220;<strong>Karate Study List<\/strong>&#8221; und eine Facebookgruppe, um Mitgliedern Gelegenheit zu themenbasiertem Austausch zu geben.<\/li>\n<li>Eine Reihe von <strong>DVD-Produktionen<\/strong> unterst\u00fctzt Lernende weltweit durch Trainingsanregungen.<\/li>\n<\/ul>\n<blockquote>\n<p style=\"text-align: justify;\">Die IRKRS will Partner in einem Lernprozess sein und ihren Mitgliedern dienen, nicht sie dienen lassen!<\/p>\n<\/blockquote>\n<h3 style=\"text-align: justify;\">Das Logo der IRKRS<\/h3>\n<p style=\"text-align: justify;\"><img loading=\"lazy\" decoding=\"async\" class=\" wp-image-400 alignleft\" style=\"margin-left: 0px; margin-right: 20px;\" src=\"https:\/\/www.ku-germany.de\/wordpress\/wp-content\/uploads\/IRKRS-Logo-293x300.png\" alt=\"IRKRS-Logo\" width=\"127\" height=\"130\" \/>Das <strong>goldene Seil<\/strong> steht f\u00fcr <em>Okinawa<\/em> (\u6c96\u7e04), was so viel bedeutet wie Seil (<em>nawa<\/em>, \u7e04) im offenen Meer (<em>oki<\/em>, \u6c96). Das Seil steht f\u00fcr die Inseln der Ryukyu-Inselkette, zu der die Pr\u00e4fektur und mit ihr die Insel Okinawa geh\u00f6ren.<\/p>\n<p style=\"text-align: justify;\">Die schwarzen <strong>Schriftzeichen<\/strong> (\u7409\u7403\u5510\u624b\u8853\u56fd\u969b\u7814\u7a76\u4f1a) liest man ry\u00fbky\u00fb karatejutsu kokusai kenky\u00fbkai (Internationale Ry\u00fbky\u00fb Karatejutsu Forschungsgesellschaft).<\/p>\n<p style=\"text-align: justify;\">Das <strong>rote Symbol<\/strong> in der Mitte (<em>hidari mitsu domoe<\/em>, \u5de6\u4e09\u3064\u5df4) besteht aus drei (<em>mitsu<\/em>,\u00a0\u4e09\u3064) roten Figuren, die wie Wirbel oder gro\u00dfe Kommata aussehen und <em>tomoe<\/em> (\u5df4 oder auch \u9786) genannten werden. Diese Figuren k\u00f6nnen in zwei verschiedenen Richtungen zu einem Strudel angeordnet werden &#8212; hier links (hidari, \u5de6) herum. Der Ursprung des Symbols <em>tomoe<\/em> ist unklar, l\u00e4sst sich aber relativ weit zur\u00fcck verfolgen &#8212; unter anderem auf Wasserstrudel (<em>tomoe<\/em>, \u5df4),\u00a0den Handschutz der Bogensch\u00fctzen (<em>tomoe<\/em>, \u9786) oder Krummjuwelen aus Jade (<em>magatame<\/em>, \u52fe\u7389), die schon ca. 1000 v.u.Z. in Japan hergestellt wurden. Das Symbol wurde in mehreren Religionen (z.B. Shint\u00f4, Buddhismus, Hinduismus) verwendet und tritt einzeln oder als Wirbel mit zwei, drei oder auch vier <em>tomoe<\/em> auf. Hier sind es drei rote Fl\u00e4chen (<em>mitsu domoe<\/em>), die f\u00fcr die Vereinigung dreier okinawanischer K\u00f6nigreiche durch K\u00f6nig <em>Sh\u00f4shin<\/em> im 15.Jh. stehen.<\/p>\n<p style=\"text-align: justify;\">Der <strong>wei\u00dfe Hintergrund<\/strong> schlie\u00dflich symbolisiert den klaren, reinen Geist und die Perfektion des eigenen Charakters.<\/p>\n<h3 style=\"text-align: justify;\">Interesse?<\/h3>\n<p style=\"text-align: justify;\">Eine Individualmitgliedschaft kostet 75 Euro pro Jahr. D\u00f4j\u00f4mitgliedschaften (150 Euro pro Jahr) sind erh\u00e4ltlich. Weitere Informationen in englischer Sprache erhalten Sie auf <a title=\"www.koryu-uchinadi.com\" href=\"http:\/\/www.koryu-uchinadi.com\" target=\"_blank\" rel=\"noopener\">www.koryu-uchinadi.com<\/a>.<\/p>\n<blockquote>\n<p style=\"text-align: justify;\">virtue before vice \u2022\u00a0values before vanity \u2022\u00a0principles before personalities<\/p>\n<\/blockquote>\n<p style=\"text-align: justify;\">\n","protected":false},"excerpt":{"rendered":"<p>International Ry\u00fbky\u00fb Karate Research Society [\u7409\u7403\u5510\u624b\u8853\u56fd\u969b\u7814\u7a76\u4f1a] Willkommen auf der Seite der deutschen Vertretung der Internationalen Ry\u00fbky\u00fb Karate Forschungsgesellschaft (IRKRS).\u00a0 Die IRKRS ist eine auf Informationsaustausch ausgerichtete forschungsbasierte Organisation, deren Mitglieder sich dem Studium des alten (kory\u00fb) anwendungsbasierten karate und kobud\u00f4 &hellip;<\/p>\n<p class=\"read-more\"> <a class=\"more-link\" href=\"https:\/\/www.ku-germany.de\/wordpress\/?page_id=113\"> <span class=\"screen-reader-text\">IRKRS<\/span> Weiterlesen &raquo;<\/a><\/p>\n","protected":false},"author":1,"featured_media":400,"parent":0,"menu_order":0,"comment_status":"closed","ping_status":"closed","template":"full-width-page.php","meta":{"footnotes":""},"class_list":["post-113","page","type-page","status-publish","has-post-thumbnail","hentry"],"_links":{"self":[{"href":"https:\/\/www.ku-germany.de\/wordpress\/index.php?rest_route=\/wp\/v2\/pages\/113","targetHints":{"allow":["GET"]}}],"collection":[{"href":"https:\/\/www.ku-germany.de\/wordpress\/index.php?rest_route=\/wp\/v2\/pages"}],"about":[{"href":"https:\/\/www.ku-germany.de\/wordpress\/index.php?rest_route=\/wp\/v2\/types\/page"}],"author":[{"embeddable":true,"href":"https:\/\/www.ku-germany.de\/wordpress\/index.php?rest_route=\/wp\/v2\/users\/1"}],"replies":[{"embeddable":true,"href":"https:\/\/www.ku-germany.de\/wordpress\/index.php?rest_route=%2Fwp%2Fv2%2Fcomments&post=113"}],"version-history":[{"count":25,"href":"https:\/\/www.ku-germany.de\/wordpress\/index.php?rest_route=\/wp\/v2\/pages\/113\/revisions"}],"predecessor-version":[{"id":1738,"href":"https:\/\/www.ku-germany.de\/wordpress\/index.php?rest_route=\/wp\/v2\/pages\/113\/revisions\/1738"}],"wp:featuredmedia":[{"embeddable":true,"href":"https:\/\/www.ku-germany.de\/wordpress\/index.php?rest_route=\/wp\/v2\/media\/400"}],"wp:attachment":[{"href":"https:\/\/www.ku-germany.de\/wordpress\/index.php?rest_route=%2Fwp%2Fv2%2Fmedia&parent=113"}],"curies":[{"name":"wp","href":"https:\/\/api.w.org\/{rel}","templated":true}]}}