{"id":349,"date":"2013-01-13T23:20:32","date_gmt":"2013-01-13T22:20:32","guid":{"rendered":"http:\/\/localhost:8888\/wordpress\/?page_id=349"},"modified":"2018-05-22T08:08:23","modified_gmt":"2018-05-22T06:08:23","slug":"ku-europa","status":"publish","type":"page","link":"https:\/\/www.ku-germany.de\/wordpress\/?page_id=349","title":{"rendered":"KU Europa"},"content":{"rendered":"<p>In vielen europ\u00e4ischen L\u00e4ndern gibt es inzwischen offizielle Vertretungen der IRKRS bzw. des Kory\u00fb Uchin\u00e2di.<\/p>\n<p>&nbsp;<\/p>\n<p><img loading=\"lazy\" decoding=\"async\" class=\"wp-image-403 alignleft\" style=\"margin-left: 0px; margin-right: 20px;\" title=\"KU-Logo\" src=\"https:\/\/www.ku-germany.de\/wordpress\/wp-content\/uploads\/ku_logo_NoKanji_67x100.png\" alt=\"KU-Logo\" width=\"43\" height=\"64\" \/><\/p>\n<p><strong>KU Germany<\/strong><br \/>\nshibu ch\u00f4: Olaf Krey<br \/>\nInternetauftritt: <a href=\"www.koryu-uchinadi.de\">www.koryu-uchinadi.de<\/a><\/p>\n<p>&nbsp;<\/p>\n<p><img loading=\"lazy\" decoding=\"async\" class=\"wp-image-403 alignleft\" style=\"margin-left: 0px; margin-right: 20px;\" title=\"KU-Logo\" src=\"https:\/\/www.ku-germany.de\/wordpress\/wp-content\/uploads\/ku_logo_NoKanji_67x100.png\" alt=\"KU-Logo\" width=\"43\" height=\"64\" \/><\/p>\n<p><strong>KU Finnland <\/strong><br \/>\nshibu ch\u00f4: Ante Br\u00e4nnbacka<br \/>\nInternetauftritt: <a href=\"https:\/\/www.koryu-uchinadi.fi\/\">www.koryu-uchinadi.fi<\/a><\/p>\n<p>&nbsp;<\/p>\n<p><img loading=\"lazy\" decoding=\"async\" class=\"wp-image-403 alignleft\" style=\"margin-left: 0px; margin-right: 20px;\" title=\"KU-Logo\" src=\"https:\/\/www.ku-germany.de\/wordpress\/wp-content\/uploads\/ku_logo_NoKanji_67x100.png\" alt=\"KU-Logo\" width=\"43\" height=\"64\" \/><\/p>\n<p><strong>KU D\u00e4nemark<\/strong><br \/>\nshibu ch\u00f4: Jim Sindt<br \/>\nInternetauftritt: <a title=\"Koryuk\u00e2n Chemnitz\" href=\"https:\/\/www.koryu.dk\">www.koryu.dk<\/a><\/p>\n<p>&nbsp;<\/p>\n<p><img loading=\"lazy\" decoding=\"async\" class=\"wp-image-403 alignleft\" style=\"margin-left: 0px; margin-right: 20px;\" title=\"KU-Logo\" src=\"https:\/\/www.ku-germany.de\/wordpress\/wp-content\/uploads\/ku_logo_NoKanji_67x100.png\" alt=\"KU-Logo\" width=\"43\" height=\"64\" \/><\/p>\n<p><strong>KU Schweden<\/strong><br \/>\nD\u00f4j\u00f4leiter Stockholm: Anders Hanson<br \/>\nInternetauftritt: <a href=\"https:\/\/stockholm.koryu-uchinadi.se\/\">www.stockholm.koryu-uchinadi.se<\/a><\/p>\n<p>&nbsp;<\/p>\n<p><img loading=\"lazy\" decoding=\"async\" class=\"wp-image-403 alignleft\" style=\"margin-left: 0px; margin-right: 20px;\" title=\"KU-Logo\" src=\"https:\/\/www.ku-germany.de\/wordpress\/wp-content\/uploads\/ku_logo_NoKanji_67x100.png\" alt=\"KU-Logo\" width=\"43\" height=\"64\" \/><\/p>\n<p><strong>KU Polen<\/strong><br \/>\nshibu ch\u00f4: Marek Knut, Andrzej Ka\u017amierczak, Andrzej Ku\u015bmierczyk<br \/>\nInternetauftritt: <a href=\"https:\/\/www.koryu-uchinadi.pl\/\">www.koryu-uchinadi.pl<\/a><\/p>\n<p>&nbsp;<\/p>\n<p><img loading=\"lazy\" decoding=\"async\" class=\"wp-image-403 alignleft\" style=\"margin-left: 0px; margin-right: 20px;\" title=\"KU-Logo\" src=\"https:\/\/www.ku-germany.de\/wordpress\/wp-content\/uploads\/ku_logo_NoKanji_67x100.png\" alt=\"KU-Logo\" width=\"43\" height=\"64\" \/><\/p>\n<p><strong>KU Belgien<\/strong><br \/>\nshibu ch\u00f4: Ludovic De Cuypere<br \/>\nInternetauftritt: <a href=\"https:\/\/www.seikan.be\/\">www.seikan.be<\/a><\/p>\n<p>&nbsp;<\/p>\n<p><img loading=\"lazy\" decoding=\"async\" class=\"wp-image-403 alignleft\" style=\"margin-left: 0px; margin-right: 20px;\" title=\"KU-Logo\" src=\"https:\/\/www.ku-germany.de\/wordpress\/wp-content\/uploads\/ku_logo_NoKanji_67x100.png\" alt=\"KU-Logo\" width=\"43\" height=\"64\" \/><\/p>\n<p><strong>KU Niederlande<\/strong><br \/>\nshibu ch\u00f4: Bert Mollen, Huub Meijer<br \/>\nInternetauftritt: <a href=\"https:\/\/www.koryu-uchinadi.nl\/\">www.koryu-uchinadi.nl<\/a><\/p>\n<p>&nbsp;<\/p>\n<p><img loading=\"lazy\" decoding=\"async\" class=\"wp-image-403 alignleft\" style=\"margin-left: 0px; margin-right: 20px;\" title=\"KU-Logo\" src=\"https:\/\/www.ku-germany.de\/wordpress\/wp-content\/uploads\/ku_logo_NoKanji_67x100.png\" alt=\"KU-Logo\" width=\"43\" height=\"64\" \/><\/p>\n<p><strong>KU Spanien<\/strong><br \/>\nshibu ch\u00f4: Basili Rodr\u00edguez<br \/>\nInternetauftritt: <a href=\"https:\/\/koryu-uchinadi-barcelona.blogspot.de\">www.koryu-uchinadi-barcelona.blogspot.de<\/a><\/p>\n<p>&nbsp;<\/p>\n<p><img loading=\"lazy\" decoding=\"async\" class=\"wp-image-403 alignleft\" style=\"margin-left: 0px; margin-right: 20px;\" title=\"KU-Logo\" src=\"https:\/\/www.ku-germany.de\/wordpress\/wp-content\/uploads\/ku_logo_NoKanji_67x100.png\" alt=\"KU-Logo\" width=\"43\" height=\"64\" \/><\/p>\n<p><strong>KU Italien<\/strong><br \/>\nshibu ch\u00f4: Marco Forti<br \/>\nInternetauftritt: <a href=\"https:\/\/www.koryu-uchinadi.it\/en\/\">www.koryu-uchinadi.it\/en\/<\/a><\/p>\n<p>&nbsp;<\/p>\n<p><img loading=\"lazy\" decoding=\"async\" class=\"wp-image-403 alignleft\" style=\"margin-left: 0px; margin-right: 20px;\" title=\"KU-Logo\" src=\"https:\/\/www.ku-germany.de\/wordpress\/wp-content\/uploads\/ku_logo_NoKanji_67x100.png\" alt=\"KU-Logo\" width=\"43\" height=\"64\" \/><\/p>\n<p><strong>KU Irland<\/strong><br \/>\nshibu ch\u00f4: Damien Costello, Damien Walker, Damian Murphy (aka the 3-d-gang)<br \/>\nInternetauftritt: <a href=\"https:\/\/www.irkrs-ireland.com\/\">www.irkrs-ireland.com<\/a><\/p>\n<p>&nbsp;<\/p>\n<p><img loading=\"lazy\" decoding=\"async\" class=\"wp-image-403 alignleft\" style=\"margin-left: 0px; margin-right: 20px;\" title=\"KU-Logo\" src=\"https:\/\/www.ku-germany.de\/wordpress\/wp-content\/uploads\/ku_logo_NoKanji_67x100.png\" alt=\"KU-Logo\" width=\"43\" height=\"64\" \/><\/p>\n<p><strong>KU England<\/strong><br \/>\nD\u00f4j\u00f4leiter London: Joost Frehe<br \/>\nInternetauftritt: <a href=\"https:\/\/legendskarate.com\/\">www.legendskarate.com<\/a><\/p>\n<p>&nbsp;<\/p>\n","protected":false},"excerpt":{"rendered":"<p>In vielen europ\u00e4ischen L\u00e4ndern gibt es inzwischen offizielle Vertretungen der IRKRS bzw. des Kory\u00fb Uchin\u00e2di. &nbsp; KU Germany shibu ch\u00f4: Olaf Krey Internetauftritt: www.koryu-uchinadi.de &nbsp; KU Finnland shibu ch\u00f4: Ante Br\u00e4nnbacka Internetauftritt: www.koryu-uchinadi.fi &nbsp; KU D\u00e4nemark shibu ch\u00f4: Jim Sindt &hellip;<\/p>\n<p class=\"read-more\"> <a class=\"more-link\" href=\"https:\/\/www.ku-germany.de\/wordpress\/?page_id=349\"> <span class=\"screen-reader-text\">KU Europa<\/span> Weiterlesen &raquo;<\/a><\/p>\n","protected":false},"author":1,"featured_media":0,"parent":33,"menu_order":0,"comment_status":"closed","ping_status":"closed","template":"full-width-page.php","meta":{"footnotes":""},"class_list":["post-349","page","type-page","status-publish","hentry"],"_links":{"self":[{"href":"https:\/\/www.ku-germany.de\/wordpress\/index.php?rest_route=\/wp\/v2\/pages\/349","targetHints":{"allow":["GET"]}}],"collection":[{"href":"https:\/\/www.ku-germany.de\/wordpress\/index.php?rest_route=\/wp\/v2\/pages"}],"about":[{"href":"https:\/\/www.ku-germany.de\/wordpress\/index.php?rest_route=\/wp\/v2\/types\/page"}],"author":[{"embeddable":true,"href":"https:\/\/www.ku-germany.de\/wordpress\/index.php?rest_route=\/wp\/v2\/users\/1"}],"replies":[{"embeddable":true,"href":"https:\/\/www.ku-germany.de\/wordpress\/index.php?rest_route=%2Fwp%2Fv2%2Fcomments&post=349"}],"version-history":[{"count":24,"href":"https:\/\/www.ku-germany.de\/wordpress\/index.php?rest_route=\/wp\/v2\/pages\/349\/revisions"}],"predecessor-version":[{"id":1735,"href":"https:\/\/www.ku-germany.de\/wordpress\/index.php?rest_route=\/wp\/v2\/pages\/349\/revisions\/1735"}],"up":[{"embeddable":true,"href":"https:\/\/www.ku-germany.de\/wordpress\/index.php?rest_route=\/wp\/v2\/pages\/33"}],"wp:attachment":[{"href":"https:\/\/www.ku-germany.de\/wordpress\/index.php?rest_route=%2Fwp%2Fv2%2Fmedia&parent=349"}],"curies":[{"name":"wp","href":"https:\/\/api.w.org\/{rel}","templated":true}]}}